{"id":13361,"date":"2021-03-19T09:54:06","date_gmt":"2021-03-19T08:54:06","guid":{"rendered":"https:\/\/solidar.ch\/ueber-uns\/country-reps\/"},"modified":"2025-10-07T15:27:06","modified_gmt":"2025-10-07T13:27:06","slug":"country-reps","status":"publish","type":"page","link":"https:\/\/solidar.ch\/fr\/a-propos\/equipe\/country-reps\/","title":{"rendered":"Bureaux de coordination"},"content":{"rendered":"","protected":false},"excerpt":{"rendered":"","protected":false},"author":22,"featured_media":0,"parent":13527,"menu_order":0,"comment_status":"closed","ping_status":"closed","template":"","meta":{"_acf_changed":false,"_seopress_robots_primary_cat":"","_seopress_titles_title":"Bureaux \u00e0 l'\u00e9tranger | Solidar Suisse","_seopress_titles_desc":"Solidar Suisse dispose de 150 collaborateurs* en Afrique, Asie, Am\u00e9rique latine, Europe du Sud-Est, r\u00e9partis en divers bureaux de coordination.","_seopress_robots_index":"","footnotes":""},"wf_page_folders":[51],"class_list":["post-13361","page","type-page","status-publish","hentry"],"acf":[],"_links":{"self":[{"href":"https:\/\/solidar.ch\/fr\/wp-json\/wp\/v2\/pages\/13361","targetHints":{"allow":["GET"]}}],"collection":[{"href":"https:\/\/solidar.ch\/fr\/wp-json\/wp\/v2\/pages"}],"about":[{"href":"https:\/\/solidar.ch\/fr\/wp-json\/wp\/v2\/types\/page"}],"author":[{"embeddable":true,"href":"https:\/\/solidar.ch\/fr\/wp-json\/wp\/v2\/users\/22"}],"replies":[{"embeddable":true,"href":"https:\/\/solidar.ch\/fr\/wp-json\/wp\/v2\/comments?post=13361"}],"version-history":[{"count":0,"href":"https:\/\/solidar.ch\/fr\/wp-json\/wp\/v2\/pages\/13361\/revisions"}],"up":[{"embeddable":true,"href":"https:\/\/solidar.ch\/fr\/wp-json\/wp\/v2\/pages\/13527"}],"wp:attachment":[{"href":"https:\/\/solidar.ch\/fr\/wp-json\/wp\/v2\/media?parent=13361"}],"wp:term":[{"taxonomy":"wf_page_folders","embeddable":true,"href":"https:\/\/solidar.ch\/fr\/wp-json\/wp\/v2\/wf_page_folders?post=13361"}],"curies":[{"name":"wp","href":"https:\/\/api.w.org\/{rel}","templated":true}]}}