{"id":13378,"date":"2021-03-17T11:12:07","date_gmt":"2021-03-17T10:12:07","guid":{"rendered":"https:\/\/solidar.ch\/themes\/faire-arbeit\/"},"modified":"2026-04-29T09:34:48","modified_gmt":"2026-04-29T08:34:48","slug":"travail-decent","status":"publish","type":"page","link":"https:\/\/solidar.ch\/fr\/themes\/travail-decent\/","title":{"rendered":"Travail d\u00e9cent"},"content":{"rendered":"","protected":false},"excerpt":{"rendered":"","protected":false},"author":22,"featured_media":0,"parent":10269,"menu_order":0,"comment_status":"closed","ping_status":"closed","template":"","meta":{"_acf_changed":false,"_seopress_robots_primary_cat":"","_seopress_titles_title":"Travail d\u00e9cent | Solidar Suisse","_seopress_titles_desc":"Solidar Suisse s'engage aux c\u00f4t\u00e9s des travailleur\u00b7euse\u00b7s pour des salaires d\u00e9cents, une protection sociale de base et la libert\u00e9 d'association dans le monde.","_seopress_robots_index":"","footnotes":""},"wf_page_folders":[49],"class_list":["post-13378","page","type-page","status-publish","hentry"],"acf":[],"_links":{"self":[{"href":"https:\/\/solidar.ch\/fr\/wp-json\/wp\/v2\/pages\/13378","targetHints":{"allow":["GET"]}}],"collection":[{"href":"https:\/\/solidar.ch\/fr\/wp-json\/wp\/v2\/pages"}],"about":[{"href":"https:\/\/solidar.ch\/fr\/wp-json\/wp\/v2\/types\/page"}],"author":[{"embeddable":true,"href":"https:\/\/solidar.ch\/fr\/wp-json\/wp\/v2\/users\/22"}],"replies":[{"embeddable":true,"href":"https:\/\/solidar.ch\/fr\/wp-json\/wp\/v2\/comments?post=13378"}],"version-history":[{"count":0,"href":"https:\/\/solidar.ch\/fr\/wp-json\/wp\/v2\/pages\/13378\/revisions"}],"up":[{"embeddable":true,"href":"https:\/\/solidar.ch\/fr\/wp-json\/wp\/v2\/pages\/10269"}],"wp:attachment":[{"href":"https:\/\/solidar.ch\/fr\/wp-json\/wp\/v2\/media?parent=13378"}],"wp:term":[{"taxonomy":"wf_page_folders","embeddable":true,"href":"https:\/\/solidar.ch\/fr\/wp-json\/wp\/v2\/wf_page_folders?post=13378"}],"curies":[{"name":"wp","href":"https:\/\/api.w.org\/{rel}","templated":true}]}}