{"id":13408,"date":"2021-03-05T18:46:11","date_gmt":"2021-03-05T17:46:11","guid":{"rendered":"https:\/\/solidar.ch\/themes\/economie-durable\/kakao\/"},"modified":"2024-06-21T10:01:40","modified_gmt":"2024-06-21T09:01:40","slug":"cacao","status":"publish","type":"page","link":"https:\/\/solidar.ch\/fr\/themes\/economie-durable\/cacao\/","title":{"rendered":"Nicaragua-Cacao"},"content":{"rendered":"","protected":false},"excerpt":{"rendered":"","protected":false},"author":22,"featured_media":0,"parent":12807,"menu_order":0,"comment_status":"closed","ping_status":"closed","template":"","meta":{"_acf_changed":false,"_seopress_robots_primary_cat":"","_seopress_titles_title":"Production durable de cacao au Nicaragua - Solidar Suisse","_seopress_titles_desc":"Solidar Suisse encourage la culture biologique et la production durable de cacao. Nous favorisons des opportunit\u00e9s de vente \u00e9quitables et s\u00fbres, et donc un meilleur revenu pour la population.","_seopress_robots_index":"","footnotes":""},"wf_page_folders":[49],"class_list":["post-13408","page","type-page","status-publish","hentry"],"acf":[],"_links":{"self":[{"href":"https:\/\/solidar.ch\/fr\/wp-json\/wp\/v2\/pages\/13408","targetHints":{"allow":["GET"]}}],"collection":[{"href":"https:\/\/solidar.ch\/fr\/wp-json\/wp\/v2\/pages"}],"about":[{"href":"https:\/\/solidar.ch\/fr\/wp-json\/wp\/v2\/types\/page"}],"author":[{"embeddable":true,"href":"https:\/\/solidar.ch\/fr\/wp-json\/wp\/v2\/users\/22"}],"replies":[{"embeddable":true,"href":"https:\/\/solidar.ch\/fr\/wp-json\/wp\/v2\/comments?post=13408"}],"version-history":[{"count":0,"href":"https:\/\/solidar.ch\/fr\/wp-json\/wp\/v2\/pages\/13408\/revisions"}],"up":[{"embeddable":true,"href":"https:\/\/solidar.ch\/fr\/wp-json\/wp\/v2\/pages\/12807"}],"wp:attachment":[{"href":"https:\/\/solidar.ch\/fr\/wp-json\/wp\/v2\/media?parent=13408"}],"wp:term":[{"taxonomy":"wf_page_folders","embeddable":true,"href":"https:\/\/solidar.ch\/fr\/wp-json\/wp\/v2\/wf_page_folders?post=13408"}],"curies":[{"name":"wp","href":"https:\/\/api.w.org\/{rel}","templated":true}]}}