{"id":13457,"date":"2021-03-17T11:16:08","date_gmt":"2021-03-17T10:16:08","guid":{"rendered":"https:\/\/solidar.ch\/themes\/soziale-gerechtigkeit\/"},"modified":"2025-05-26T07:50:26","modified_gmt":"2025-05-26T06:50:26","slug":"justice-sociale","status":"publish","type":"page","link":"https:\/\/solidar.ch\/fr\/themes\/justice-sociale\/","title":{"rendered":"Justice sociale"},"content":{"rendered":"","protected":false},"excerpt":{"rendered":"","protected":false},"author":22,"featured_media":0,"parent":10269,"menu_order":0,"comment_status":"closed","ping_status":"closed","template":"","meta":{"_acf_changed":false,"_seopress_robots_primary_cat":"","_seopress_titles_title":"Justice sociale - Solidar Suisse","_seopress_titles_desc":"Les in\u00e9galit\u00e9s extr\u00eames constituent, avec le changement climatique, le plus grand d\u00e9fi actuel. Solidar Suisse s\u2019engage dans le monde pour une r\u00e9partition plus \u00e9quitable des richesses.","_seopress_robots_index":"","footnotes":""},"wf_page_folders":[49],"class_list":["post-13457","page","type-page","status-publish","hentry"],"acf":[],"_links":{"self":[{"href":"https:\/\/solidar.ch\/fr\/wp-json\/wp\/v2\/pages\/13457","targetHints":{"allow":["GET"]}}],"collection":[{"href":"https:\/\/solidar.ch\/fr\/wp-json\/wp\/v2\/pages"}],"about":[{"href":"https:\/\/solidar.ch\/fr\/wp-json\/wp\/v2\/types\/page"}],"author":[{"embeddable":true,"href":"https:\/\/solidar.ch\/fr\/wp-json\/wp\/v2\/users\/22"}],"replies":[{"embeddable":true,"href":"https:\/\/solidar.ch\/fr\/wp-json\/wp\/v2\/comments?post=13457"}],"version-history":[{"count":0,"href":"https:\/\/solidar.ch\/fr\/wp-json\/wp\/v2\/pages\/13457\/revisions"}],"up":[{"embeddable":true,"href":"https:\/\/solidar.ch\/fr\/wp-json\/wp\/v2\/pages\/10269"}],"wp:attachment":[{"href":"https:\/\/solidar.ch\/fr\/wp-json\/wp\/v2\/media?parent=13457"}],"wp:term":[{"taxonomy":"wf_page_folders","embeddable":true,"href":"https:\/\/solidar.ch\/fr\/wp-json\/wp\/v2\/wf_page_folders?post=13457"}],"curies":[{"name":"wp","href":"https:\/\/api.w.org\/{rel}","templated":true}]}}