{"id":13464,"date":"2021-03-04T11:26:29","date_gmt":"2021-03-04T10:26:29","guid":{"rendered":"https:\/\/solidar.ch\/projets\/mozambique\/wasser\/"},"modified":"2024-06-11T05:56:49","modified_gmt":"2024-06-11T04:56:49","slug":"eau","status":"publish","type":"page","link":"https:\/\/solidar.ch\/fr\/projets\/mozambique\/eau\/","title":{"rendered":"Mozambique-Eau"},"content":{"rendered":"","protected":false},"excerpt":{"rendered":"","protected":false},"author":22,"featured_media":0,"parent":10678,"menu_order":0,"comment_status":"closed","ping_status":"closed","template":"","meta":{"_acf_changed":false,"_seopress_robots_primary_cat":"","_seopress_titles_title":"Approvisionnement en eau au Mozambique \u2013 Solidar Suisse\u202f","_seopress_titles_desc":"Solidar Suisse contribue depuis 2011 au Mozambique \u00e0 la construction et \u00e0 la r\u00e9paration de puits. Nous cr\u00e9ons des acc\u00e8s \u00e0 l'eau potable et \u00e0 des installations sanitaires et donnons des formations sur l\u2019hygi\u00e8ne. Des dizaines de milliers de personnes voient leurs conditions de vie am\u00e9lior\u00e9es.","_seopress_robots_index":"","footnotes":""},"wf_page_folders":[513],"class_list":["post-13464","page","type-page","status-publish","hentry"],"acf":[],"_links":{"self":[{"href":"https:\/\/solidar.ch\/fr\/wp-json\/wp\/v2\/pages\/13464","targetHints":{"allow":["GET"]}}],"collection":[{"href":"https:\/\/solidar.ch\/fr\/wp-json\/wp\/v2\/pages"}],"about":[{"href":"https:\/\/solidar.ch\/fr\/wp-json\/wp\/v2\/types\/page"}],"author":[{"embeddable":true,"href":"https:\/\/solidar.ch\/fr\/wp-json\/wp\/v2\/users\/22"}],"replies":[{"embeddable":true,"href":"https:\/\/solidar.ch\/fr\/wp-json\/wp\/v2\/comments?post=13464"}],"version-history":[{"count":0,"href":"https:\/\/solidar.ch\/fr\/wp-json\/wp\/v2\/pages\/13464\/revisions"}],"up":[{"embeddable":true,"href":"https:\/\/solidar.ch\/fr\/wp-json\/wp\/v2\/pages\/10678"}],"wp:attachment":[{"href":"https:\/\/solidar.ch\/fr\/wp-json\/wp\/v2\/media?parent=13464"}],"wp:term":[{"taxonomy":"wf_page_folders","embeddable":true,"href":"https:\/\/solidar.ch\/fr\/wp-json\/wp\/v2\/wf_page_folders?post=13464"}],"curies":[{"name":"wp","href":"https:\/\/api.w.org\/{rel}","templated":true}]}}