{"id":13498,"date":"2022-06-09T08:53:01","date_gmt":"2022-06-09T07:53:01","guid":{"rendered":"https:\/\/solidar.ch\/?page_id=13498"},"modified":"2025-05-14T14:53:28","modified_gmt":"2025-05-14T13:53:28","slug":"inegalites-extremes","status":"publish","type":"page","link":"https:\/\/solidar.ch\/fr\/agir\/inegalites-extremes\/","title":{"rendered":"In\u00e9galit\u00e9s extr\u00eames"},"content":{"rendered":"","protected":false},"excerpt":{"rendered":"","protected":false},"author":12,"featured_media":0,"parent":13028,"menu_order":0,"comment_status":"closed","ping_status":"closed","template":"","meta":{"_acf_changed":false,"_seopress_robots_primary_cat":"","_seopress_titles_title":"In\u00e9glalit\u00e9s extr\u00eames | Solidar Suisse","_seopress_titles_desc":"En 2020, les milliardaires du monde entier se sont enrichis en moyenne de 29%. Dans le m\u00eame temps, 245 millions de travailleur\u00b7euse\u00b7s ont perdu leur emploi.","_seopress_robots_index":"","footnotes":""},"wf_page_folders":[],"class_list":["post-13498","page","type-page","status-publish","hentry"],"acf":[],"_links":{"self":[{"href":"https:\/\/solidar.ch\/fr\/wp-json\/wp\/v2\/pages\/13498","targetHints":{"allow":["GET"]}}],"collection":[{"href":"https:\/\/solidar.ch\/fr\/wp-json\/wp\/v2\/pages"}],"about":[{"href":"https:\/\/solidar.ch\/fr\/wp-json\/wp\/v2\/types\/page"}],"author":[{"embeddable":true,"href":"https:\/\/solidar.ch\/fr\/wp-json\/wp\/v2\/users\/12"}],"replies":[{"embeddable":true,"href":"https:\/\/solidar.ch\/fr\/wp-json\/wp\/v2\/comments?post=13498"}],"version-history":[{"count":0,"href":"https:\/\/solidar.ch\/fr\/wp-json\/wp\/v2\/pages\/13498\/revisions"}],"up":[{"embeddable":true,"href":"https:\/\/solidar.ch\/fr\/wp-json\/wp\/v2\/pages\/13028"}],"wp:attachment":[{"href":"https:\/\/solidar.ch\/fr\/wp-json\/wp\/v2\/media?parent=13498"}],"wp:term":[{"taxonomy":"wf_page_folders","embeddable":true,"href":"https:\/\/solidar.ch\/fr\/wp-json\/wp\/v2\/wf_page_folders?post=13498"}],"curies":[{"name":"wp","href":"https:\/\/api.w.org\/{rel}","templated":true}]}}