{"id":13527,"date":"2021-03-05T11:27:38","date_gmt":"2021-03-05T10:27:38","guid":{"rendered":"https:\/\/solidar.ch\/a-propos\/teams\/"},"modified":"2026-03-31T14:56:26","modified_gmt":"2026-03-31T13:56:26","slug":"equipe","status":"publish","type":"page","link":"https:\/\/solidar.ch\/fr\/a-propos\/equipe\/","title":{"rendered":"Equipe"},"content":{"rendered":"","protected":false},"excerpt":{"rendered":"","protected":false},"author":22,"featured_media":0,"parent":13024,"menu_order":0,"comment_status":"closed","ping_status":"closed","template":"","meta":{"_acf_changed":false,"_seopress_robots_primary_cat":"","_seopress_titles_title":"Nos \u00e9quipes | Solidar Suisse","_seopress_titles_desc":"Avec plus de 150 collaborateur\u00b7trice\u00b7s en Afrique, en Asie, en Am\u00e9rique latine, en Europe du Sud-Est et en Suisse, Solidar Suisse s'engage pour un d\u00e9veloppement global en accord avec les 17 Objectifs de d\u00e9veloppement durable (ODD).","_seopress_robots_index":"","footnotes":""},"wf_page_folders":[],"class_list":["post-13527","page","type-page","status-publish","hentry"],"acf":[],"_links":{"self":[{"href":"https:\/\/solidar.ch\/fr\/wp-json\/wp\/v2\/pages\/13527","targetHints":{"allow":["GET"]}}],"collection":[{"href":"https:\/\/solidar.ch\/fr\/wp-json\/wp\/v2\/pages"}],"about":[{"href":"https:\/\/solidar.ch\/fr\/wp-json\/wp\/v2\/types\/page"}],"author":[{"embeddable":true,"href":"https:\/\/solidar.ch\/fr\/wp-json\/wp\/v2\/users\/22"}],"replies":[{"embeddable":true,"href":"https:\/\/solidar.ch\/fr\/wp-json\/wp\/v2\/comments?post=13527"}],"version-history":[{"count":0,"href":"https:\/\/solidar.ch\/fr\/wp-json\/wp\/v2\/pages\/13527\/revisions"}],"up":[{"embeddable":true,"href":"https:\/\/solidar.ch\/fr\/wp-json\/wp\/v2\/pages\/13024"}],"wp:attachment":[{"href":"https:\/\/solidar.ch\/fr\/wp-json\/wp\/v2\/media?parent=13527"}],"wp:term":[{"taxonomy":"wf_page_folders","embeddable":true,"href":"https:\/\/solidar.ch\/fr\/wp-json\/wp\/v2\/wf_page_folders?post=13527"}],"curies":[{"name":"wp","href":"https:\/\/api.w.org\/{rel}","templated":true}]}}