{"id":13541,"date":"2021-03-16T09:41:16","date_gmt":"2021-03-16T08:41:16","guid":{"rendered":"https:\/\/solidar.ch\/projets\/bosnien\/"},"modified":"2024-09-05T10:23:13","modified_gmt":"2024-09-05T09:23:13","slug":"bosnie","status":"publish","type":"page","link":"https:\/\/solidar.ch\/fr\/projets\/bosnie\/","title":{"rendered":"Bosnie-Herz\u00e9govine"},"content":{"rendered":"","protected":false},"excerpt":{"rendered":"","protected":false},"author":22,"featured_media":0,"parent":10265,"menu_order":0,"comment_status":"closed","ping_status":"closed","template":"","meta":{"_acf_changed":false,"_seopress_robots_primary_cat":"","_seopress_titles_title":"Prot\u00e9ger les personnes r\u00e9fugi\u00e9es et les ouvrier\u00b7\u00e8re\u00b7s du textile en Bosnie-Herz\u00e9govine \u2013 Solidar Suisse","_seopress_titles_desc":"Solidar Suisse s\u2019engage pour les ouvrier\u00b7\u00e8re\u00b7s du textile et les personnes r\u00e9fugi\u00e9es victimes d\u2019exploitation en Bosnie-Herz\u00e9govine.","_seopress_robots_index":"","footnotes":""},"wf_page_folders":[1102],"class_list":["post-13541","page","type-page","status-publish","hentry"],"acf":[],"_links":{"self":[{"href":"https:\/\/solidar.ch\/fr\/wp-json\/wp\/v2\/pages\/13541","targetHints":{"allow":["GET"]}}],"collection":[{"href":"https:\/\/solidar.ch\/fr\/wp-json\/wp\/v2\/pages"}],"about":[{"href":"https:\/\/solidar.ch\/fr\/wp-json\/wp\/v2\/types\/page"}],"author":[{"embeddable":true,"href":"https:\/\/solidar.ch\/fr\/wp-json\/wp\/v2\/users\/22"}],"replies":[{"embeddable":true,"href":"https:\/\/solidar.ch\/fr\/wp-json\/wp\/v2\/comments?post=13541"}],"version-history":[{"count":0,"href":"https:\/\/solidar.ch\/fr\/wp-json\/wp\/v2\/pages\/13541\/revisions"}],"up":[{"embeddable":true,"href":"https:\/\/solidar.ch\/fr\/wp-json\/wp\/v2\/pages\/10265"}],"wp:attachment":[{"href":"https:\/\/solidar.ch\/fr\/wp-json\/wp\/v2\/media?parent=13541"}],"wp:term":[{"taxonomy":"wf_page_folders","embeddable":true,"href":"https:\/\/solidar.ch\/fr\/wp-json\/wp\/v2\/wf_page_folders?post=13541"}],"curies":[{"name":"wp","href":"https:\/\/api.w.org\/{rel}","templated":true}]}}