{"id":13771,"date":"2021-03-16T15:02:55","date_gmt":"2021-03-16T14:02:55","guid":{"rendered":"https:\/\/solidar.ch\/projets\/kosovo\/kosovo-jugend-demokratie\/"},"modified":"2021-04-12T09:19:50","modified_gmt":"2021-04-12T08:19:50","slug":"jeunes-democratie","status":"publish","type":"page","link":"https:\/\/solidar.ch\/fr\/projets\/kosovo\/jeunes-democratie\/","title":{"rendered":"Les jeunes du Kosovo apprennent la d\u00e9mocratie"},"content":{"rendered":"","protected":false},"excerpt":{"rendered":"","protected":false},"author":22,"featured_media":0,"parent":13728,"menu_order":0,"comment_status":"closed","ping_status":"closed","template":"","meta":{"_acf_changed":false,"_seopress_robots_primary_cat":"","_seopress_titles_title":"Les jeunes du Kosovo apprennent la d\u00e9mocratie \u2013 Solidar Suisse","_seopress_titles_desc":"Solidar Suisse encourage les jeunes \u00e0 \u00e9laborer et \u00e0 mettre en \u0153uvre des projets communautaires porteurs d\u2019avenir.","_seopress_robots_index":"","footnotes":""},"wf_page_folders":[49],"class_list":["post-13771","page","type-page","status-publish","hentry"],"acf":[],"_links":{"self":[{"href":"https:\/\/solidar.ch\/fr\/wp-json\/wp\/v2\/pages\/13771","targetHints":{"allow":["GET"]}}],"collection":[{"href":"https:\/\/solidar.ch\/fr\/wp-json\/wp\/v2\/pages"}],"about":[{"href":"https:\/\/solidar.ch\/fr\/wp-json\/wp\/v2\/types\/page"}],"author":[{"embeddable":true,"href":"https:\/\/solidar.ch\/fr\/wp-json\/wp\/v2\/users\/22"}],"replies":[{"embeddable":true,"href":"https:\/\/solidar.ch\/fr\/wp-json\/wp\/v2\/comments?post=13771"}],"version-history":[{"count":0,"href":"https:\/\/solidar.ch\/fr\/wp-json\/wp\/v2\/pages\/13771\/revisions"}],"up":[{"embeddable":true,"href":"https:\/\/solidar.ch\/fr\/wp-json\/wp\/v2\/pages\/13728"}],"wp:attachment":[{"href":"https:\/\/solidar.ch\/fr\/wp-json\/wp\/v2\/media?parent=13771"}],"wp:term":[{"taxonomy":"wf_page_folders","embeddable":true,"href":"https:\/\/solidar.ch\/fr\/wp-json\/wp\/v2\/wf_page_folders?post=13771"}],"curies":[{"name":"wp","href":"https:\/\/api.w.org\/{rel}","templated":true}]}}