{"id":14190,"date":"2021-04-09T10:37:24","date_gmt":"2021-04-09T09:37:24","guid":{"rendered":"https:\/\/solidar.ch\/ilo-kernarbeitsnormen\/"},"modified":"2021-04-09T13:30:29","modified_gmt":"2021-04-09T12:30:29","slug":"conventions-oit","status":"publish","type":"page","link":"https:\/\/solidar.ch\/fr\/conventions-oit\/","title":{"rendered":"Conventions OIT"},"content":{"rendered":"","protected":false},"excerpt":{"rendered":"","protected":false},"author":22,"featured_media":0,"parent":0,"menu_order":0,"comment_status":"closed","ping_status":"closed","template":"","meta":{"_acf_changed":false,"_seopress_robots_primary_cat":"","_seopress_titles_title":"Les huit conventions fondamentales de l&#039;OIT - Solidar Suisse","_seopress_titles_desc":"Les huit conventions fondamentales de l&#039;Organisation internationale du Travail (OIT) d\u00e9finisse un cadre l\u00e9gislatif minimum en mati\u00e8re de droit du travail. L&#039;OIT a d\u00e9fini ces conventions comme \u00e9tant des normes fondamentales contraignantes pour tous les Etats membres, m\u00eame pour ceux qui ne les ont pas ratifi\u00e9es. La Suisse ayant ratifi\u00e9 les huit conventions, elle s&#039;est engag\u00e9e au regard du droit international \u00e0 les transposer dans le droit helv\u00e9tique.","_seopress_robots_index":"","footnotes":""},"wf_page_folders":[],"class_list":["post-14190","page","type-page","status-publish","hentry"],"acf":[],"_links":{"self":[{"href":"https:\/\/solidar.ch\/fr\/wp-json\/wp\/v2\/pages\/14190","targetHints":{"allow":["GET"]}}],"collection":[{"href":"https:\/\/solidar.ch\/fr\/wp-json\/wp\/v2\/pages"}],"about":[{"href":"https:\/\/solidar.ch\/fr\/wp-json\/wp\/v2\/types\/page"}],"author":[{"embeddable":true,"href":"https:\/\/solidar.ch\/fr\/wp-json\/wp\/v2\/users\/22"}],"replies":[{"embeddable":true,"href":"https:\/\/solidar.ch\/fr\/wp-json\/wp\/v2\/comments?post=14190"}],"version-history":[{"count":0,"href":"https:\/\/solidar.ch\/fr\/wp-json\/wp\/v2\/pages\/14190\/revisions"}],"wp:attachment":[{"href":"https:\/\/solidar.ch\/fr\/wp-json\/wp\/v2\/media?parent=14190"}],"wp:term":[{"taxonomy":"wf_page_folders","embeddable":true,"href":"https:\/\/solidar.ch\/fr\/wp-json\/wp\/v2\/wf_page_folders?post=14190"}],"curies":[{"name":"wp","href":"https:\/\/api.w.org\/{rel}","templated":true}]}}