{"id":14319,"date":"2021-04-11T21:37:27","date_gmt":"2021-04-11T20:37:27","guid":{"rendered":"https:\/\/solidar.ch\/themes\/aide-humanitaire\/cash\/"},"modified":"2024-09-17T07:20:39","modified_gmt":"2024-09-17T06:20:39","slug":"cash-especes","status":"publish","type":"page","link":"https:\/\/solidar.ch\/fr\/themes\/aide-humanitaire\/cash-especes\/","title":{"rendered":"Action humanitaire en esp\u00e8ces"},"content":{"rendered":"","protected":false},"excerpt":{"rendered":"","protected":false},"author":22,"featured_media":0,"parent":13123,"menu_order":0,"comment_status":"closed","ping_status":"closed","template":"","meta":{"_acf_changed":false,"_seopress_robots_primary_cat":"","_seopress_titles_title":"Action humanitaire avec esp\u00e8ces - Solidar Suisse","_seopress_titles_desc":"Solidar Suisse renforce ses programmes humanitaires o\u00f9 de l\u2019argent en esp\u00e8ce est transmis aux b\u00e9n\u00e9ficiaires \u00e0 la place de la distribution plus classique de biens.","_seopress_robots_index":"","footnotes":""},"wf_page_folders":[],"class_list":["post-14319","page","type-page","status-publish","hentry"],"acf":[],"_links":{"self":[{"href":"https:\/\/solidar.ch\/fr\/wp-json\/wp\/v2\/pages\/14319","targetHints":{"allow":["GET"]}}],"collection":[{"href":"https:\/\/solidar.ch\/fr\/wp-json\/wp\/v2\/pages"}],"about":[{"href":"https:\/\/solidar.ch\/fr\/wp-json\/wp\/v2\/types\/page"}],"author":[{"embeddable":true,"href":"https:\/\/solidar.ch\/fr\/wp-json\/wp\/v2\/users\/22"}],"replies":[{"embeddable":true,"href":"https:\/\/solidar.ch\/fr\/wp-json\/wp\/v2\/comments?post=14319"}],"version-history":[{"count":0,"href":"https:\/\/solidar.ch\/fr\/wp-json\/wp\/v2\/pages\/14319\/revisions"}],"up":[{"embeddable":true,"href":"https:\/\/solidar.ch\/fr\/wp-json\/wp\/v2\/pages\/13123"}],"wp:attachment":[{"href":"https:\/\/solidar.ch\/fr\/wp-json\/wp\/v2\/media?parent=14319"}],"wp:term":[{"taxonomy":"wf_page_folders","embeddable":true,"href":"https:\/\/solidar.ch\/fr\/wp-json\/wp\/v2\/wf_page_folders?post=14319"}],"curies":[{"name":"wp","href":"https:\/\/api.w.org\/{rel}","templated":true}]}}