{"id":14911,"date":"2021-04-30T11:22:48","date_gmt":"2021-04-30T10:22:48","guid":{"rendered":"https:\/\/solidar.ch\/?page_id=14911"},"modified":"2025-07-21T14:33:41","modified_gmt":"2025-07-21T12:33:41","slug":"cwcc","status":"publish","type":"page","link":"https:\/\/solidar.ch\/fr\/projets\/cambodge\/cwcc\/","title":{"rendered":"Cambodge &#8211; CWCC"},"content":{"rendered":"","protected":false},"excerpt":{"rendered":"","protected":false},"author":22,"featured_media":0,"parent":12974,"menu_order":0,"comment_status":"closed","ping_status":"closed","template":"","meta":{"_acf_changed":false,"_seopress_robots_primary_cat":"","_seopress_titles_title":"Cambodge: une migration s\u00fbre pour les femmes | Solidar Suisse\u202f","_seopress_titles_desc":"Solidar Suisse soutient le Cambodian Women's Crisis Center (CWCC), une organisation locale engag\u00e9e notamment pour la s\u00e9curit\u00e9 des personnes migrantes.","_seopress_robots_index":"","footnotes":""},"wf_page_folders":[1102],"class_list":["post-14911","page","type-page","status-publish","hentry"],"acf":[],"_links":{"self":[{"href":"https:\/\/solidar.ch\/fr\/wp-json\/wp\/v2\/pages\/14911","targetHints":{"allow":["GET"]}}],"collection":[{"href":"https:\/\/solidar.ch\/fr\/wp-json\/wp\/v2\/pages"}],"about":[{"href":"https:\/\/solidar.ch\/fr\/wp-json\/wp\/v2\/types\/page"}],"author":[{"embeddable":true,"href":"https:\/\/solidar.ch\/fr\/wp-json\/wp\/v2\/users\/22"}],"replies":[{"embeddable":true,"href":"https:\/\/solidar.ch\/fr\/wp-json\/wp\/v2\/comments?post=14911"}],"version-history":[{"count":0,"href":"https:\/\/solidar.ch\/fr\/wp-json\/wp\/v2\/pages\/14911\/revisions"}],"up":[{"embeddable":true,"href":"https:\/\/solidar.ch\/fr\/wp-json\/wp\/v2\/pages\/12974"}],"wp:attachment":[{"href":"https:\/\/solidar.ch\/fr\/wp-json\/wp\/v2\/media?parent=14911"}],"wp:term":[{"taxonomy":"wf_page_folders","embeddable":true,"href":"https:\/\/solidar.ch\/fr\/wp-json\/wp\/v2\/wf_page_folders?post=14911"}],"curies":[{"name":"wp","href":"https:\/\/api.w.org\/{rel}","templated":true}]}}