{"id":15295,"date":"2021-06-02T16:33:53","date_gmt":"2021-06-02T15:33:53","guid":{"rendered":"https:\/\/solidar.ch\/?page_id=15295"},"modified":"2021-06-03T10:56:44","modified_gmt":"2021-06-03T09:56:44","slug":"faire-un-don","status":"publish","type":"page","link":"https:\/\/solidar.ch\/fr\/faire-un-don\/","title":{"rendered":"Faire un don"},"content":{"rendered":"","protected":false},"excerpt":{"rendered":"","protected":false},"author":28,"featured_media":0,"parent":0,"menu_order":0,"comment_status":"closed","ping_status":"closed","template":"","meta":{"_acf_changed":false,"_seopress_robots_primary_cat":"","_seopress_titles_title":"Faire un don - Solidar Suisse","_seopress_titles_desc":"Les in\u00e9galit\u00e9s sociales extr\u00eames constituent une menace pour notre monde et ont de graves cons\u00e9quences. Avec votre don, vous permettez d&#039;agir pour un monde plus \u00e9quitable.","_seopress_robots_index":"","footnotes":""},"wf_page_folders":[],"class_list":["post-15295","page","type-page","status-publish","hentry"],"acf":[],"_links":{"self":[{"href":"https:\/\/solidar.ch\/fr\/wp-json\/wp\/v2\/pages\/15295","targetHints":{"allow":["GET"]}}],"collection":[{"href":"https:\/\/solidar.ch\/fr\/wp-json\/wp\/v2\/pages"}],"about":[{"href":"https:\/\/solidar.ch\/fr\/wp-json\/wp\/v2\/types\/page"}],"author":[{"embeddable":true,"href":"https:\/\/solidar.ch\/fr\/wp-json\/wp\/v2\/users\/28"}],"replies":[{"embeddable":true,"href":"https:\/\/solidar.ch\/fr\/wp-json\/wp\/v2\/comments?post=15295"}],"version-history":[{"count":0,"href":"https:\/\/solidar.ch\/fr\/wp-json\/wp\/v2\/pages\/15295\/revisions"}],"wp:attachment":[{"href":"https:\/\/solidar.ch\/fr\/wp-json\/wp\/v2\/media?parent=15295"}],"wp:term":[{"taxonomy":"wf_page_folders","embeddable":true,"href":"https:\/\/solidar.ch\/fr\/wp-json\/wp\/v2\/wf_page_folders?post=15295"}],"curies":[{"name":"wp","href":"https:\/\/api.w.org\/{rel}","templated":true}]}}