{"id":15360,"date":"2021-06-17T10:53:49","date_gmt":"2021-06-17T09:53:49","guid":{"rendered":"https:\/\/solidar.ch\/?page_id=15360"},"modified":"2022-09-22T15:48:30","modified_gmt":"2022-09-22T14:48:30","slug":"annonces","status":"publish","type":"page","link":"https:\/\/solidar.ch\/fr\/annonces\/","title":{"rendered":"Annonces"},"content":{"rendered":"","protected":false},"excerpt":{"rendered":"","protected":false},"author":22,"featured_media":0,"parent":0,"menu_order":0,"comment_status":"closed","ping_status":"closed","template":"","meta":{"_acf_changed":false,"_seopress_robots_primary_cat":"","_seopress_titles_title":"Annonces de remplissage \u00e0 t\u00e9l\u00e9charger | Solidar Suisse","_seopress_titles_desc":"Annonces de remplissage de Solidar Suisse \u00e0 t\u00e9l\u00e9charger. Solidar Suisse se r\u00e9jouit de la publication de ses annonces dans des publications en ligne et imprim\u00e9es. ","_seopress_robots_index":"","footnotes":""},"wf_page_folders":[],"class_list":["post-15360","page","type-page","status-publish","hentry"],"acf":[],"_links":{"self":[{"href":"https:\/\/solidar.ch\/fr\/wp-json\/wp\/v2\/pages\/15360","targetHints":{"allow":["GET"]}}],"collection":[{"href":"https:\/\/solidar.ch\/fr\/wp-json\/wp\/v2\/pages"}],"about":[{"href":"https:\/\/solidar.ch\/fr\/wp-json\/wp\/v2\/types\/page"}],"author":[{"embeddable":true,"href":"https:\/\/solidar.ch\/fr\/wp-json\/wp\/v2\/users\/22"}],"replies":[{"embeddable":true,"href":"https:\/\/solidar.ch\/fr\/wp-json\/wp\/v2\/comments?post=15360"}],"version-history":[{"count":0,"href":"https:\/\/solidar.ch\/fr\/wp-json\/wp\/v2\/pages\/15360\/revisions"}],"wp:attachment":[{"href":"https:\/\/solidar.ch\/fr\/wp-json\/wp\/v2\/media?parent=15360"}],"wp:term":[{"taxonomy":"wf_page_folders","embeddable":true,"href":"https:\/\/solidar.ch\/fr\/wp-json\/wp\/v2\/wf_page_folders?post=15360"}],"curies":[{"name":"wp","href":"https:\/\/api.w.org\/{rel}","templated":true}]}}