{"id":15804,"date":"2021-08-11T14:43:56","date_gmt":"2021-08-11T13:43:56","guid":{"rendered":"https:\/\/solidar.ch\/?page_id=15804"},"modified":"2021-08-15T11:28:03","modified_gmt":"2021-08-15T10:28:03","slug":"sondage-solidar-suisse-reponses-en-detail","status":"publish","type":"page","link":"https:\/\/solidar.ch\/fr\/sondage-solidar-suisse-reponses-en-detail\/","title":{"rendered":"Sondage Solidar Suisse: les r\u00e9ponses en d\u00e9tail"},"content":{"rendered":"","protected":false},"excerpt":{"rendered":"","protected":false},"author":28,"featured_media":0,"parent":0,"menu_order":0,"comment_status":"closed","ping_status":"closed","template":"","meta":{"_acf_changed":false,"_seopress_robots_primary_cat":"","_seopress_titles_title":"Sondage Solidar Suisse: les r\u00e9ponses en d\u00e9tail | Solidar Suisse","_seopress_titles_desc":"La m\u00e9thodologie et les r\u00e9ponses d\u00e9taill\u00e9es du sondage de Solidar Suisse sur les th\u00e8mes de la justice sociale, des in\u00e9galit\u00e9s, de l\u2019\u00e9conomie, de la politique et de l\u2019environnement.","_seopress_robots_index":"","footnotes":""},"wf_page_folders":[],"class_list":["post-15804","page","type-page","status-publish","hentry"],"acf":[],"_links":{"self":[{"href":"https:\/\/solidar.ch\/fr\/wp-json\/wp\/v2\/pages\/15804","targetHints":{"allow":["GET"]}}],"collection":[{"href":"https:\/\/solidar.ch\/fr\/wp-json\/wp\/v2\/pages"}],"about":[{"href":"https:\/\/solidar.ch\/fr\/wp-json\/wp\/v2\/types\/page"}],"author":[{"embeddable":true,"href":"https:\/\/solidar.ch\/fr\/wp-json\/wp\/v2\/users\/28"}],"replies":[{"embeddable":true,"href":"https:\/\/solidar.ch\/fr\/wp-json\/wp\/v2\/comments?post=15804"}],"version-history":[{"count":0,"href":"https:\/\/solidar.ch\/fr\/wp-json\/wp\/v2\/pages\/15804\/revisions"}],"wp:attachment":[{"href":"https:\/\/solidar.ch\/fr\/wp-json\/wp\/v2\/media?parent=15804"}],"wp:term":[{"taxonomy":"wf_page_folders","embeddable":true,"href":"https:\/\/solidar.ch\/fr\/wp-json\/wp\/v2\/wf_page_folders?post=15804"}],"curies":[{"name":"wp","href":"https:\/\/api.w.org\/{rel}","templated":true}]}}