{"id":25221,"date":"2022-08-24T09:51:18","date_gmt":"2022-08-24T08:51:18","guid":{"rendered":"https:\/\/solidar.ch\/?page_id=25221"},"modified":"2022-08-25T08:37:27","modified_gmt":"2022-08-25T07:37:27","slug":"rohingya-cinq-ans-de-crise","status":"publish","type":"page","link":"https:\/\/solidar.ch\/fr\/rohingya-cinq-ans-de-crise\/","title":{"rendered":"Rohingya : cinq ans de crise"},"content":{"rendered":"","protected":false},"excerpt":{"rendered":"","protected":false},"author":12,"featured_media":0,"parent":0,"menu_order":0,"comment_status":"closed","ping_status":"closed","template":"","meta":{"_acf_changed":false,"_seopress_robots_primary_cat":"","_seopress_titles_title":"Rohingya : cinq ans de crise  |  Solidar Suisse","_seopress_titles_desc":"Il y a cinq ans des centaines de milliers de Rohingya fuyaient l\u2019arm\u00e9e au Myanamar pour trouver refuge au Bangladesh. Nous faisons appel \u00e0 votre solidarit\u00e9 pour que les Rohinya ne soient pas oubli\u00e9\u00b7e\u00b7s.","_seopress_robots_index":"","footnotes":""},"wf_page_folders":[],"class_list":["post-25221","page","type-page","status-publish","hentry"],"acf":[],"_links":{"self":[{"href":"https:\/\/solidar.ch\/fr\/wp-json\/wp\/v2\/pages\/25221","targetHints":{"allow":["GET"]}}],"collection":[{"href":"https:\/\/solidar.ch\/fr\/wp-json\/wp\/v2\/pages"}],"about":[{"href":"https:\/\/solidar.ch\/fr\/wp-json\/wp\/v2\/types\/page"}],"author":[{"embeddable":true,"href":"https:\/\/solidar.ch\/fr\/wp-json\/wp\/v2\/users\/12"}],"replies":[{"embeddable":true,"href":"https:\/\/solidar.ch\/fr\/wp-json\/wp\/v2\/comments?post=25221"}],"version-history":[{"count":0,"href":"https:\/\/solidar.ch\/fr\/wp-json\/wp\/v2\/pages\/25221\/revisions"}],"wp:attachment":[{"href":"https:\/\/solidar.ch\/fr\/wp-json\/wp\/v2\/media?parent=25221"}],"wp:term":[{"taxonomy":"wf_page_folders","embeddable":true,"href":"https:\/\/solidar.ch\/fr\/wp-json\/wp\/v2\/wf_page_folders?post=25221"}],"curies":[{"name":"wp","href":"https:\/\/api.w.org\/{rel}","templated":true}]}}