{"id":26484,"date":"2022-10-26T20:41:52","date_gmt":"2022-10-26T19:41:52","guid":{"rendered":"https:\/\/solidar.ch\/?page_id=26484"},"modified":"2025-05-08T07:09:14","modified_gmt":"2025-05-08T06:09:14","slug":"ukraine","status":"publish","type":"page","link":"https:\/\/solidar.ch\/fr\/projets\/ukraine\/","title":{"rendered":"Ukraine"},"content":{"rendered":"","protected":false},"excerpt":{"rendered":"","protected":false},"author":22,"featured_media":0,"parent":10265,"menu_order":0,"comment_status":"closed","ping_status":"closed","template":"","meta":{"_acf_changed":false,"_seopress_robots_primary_cat":"","_seopress_titles_title":"Soutien psychosocial en Ukraine | Solidar Suisse","_seopress_titles_desc":"L'invasion russe en Ukraine s\u00e8me d\u00e9solation et violence. En tant qu'organisation humanitaire, Solidar Suisse fournit un soutien aux personnes traumatis\u00e9es.","_seopress_robots_index":"","footnotes":""},"wf_page_folders":[1102],"class_list":["post-26484","page","type-page","status-publish","hentry"],"acf":[],"_links":{"self":[{"href":"https:\/\/solidar.ch\/fr\/wp-json\/wp\/v2\/pages\/26484","targetHints":{"allow":["GET"]}}],"collection":[{"href":"https:\/\/solidar.ch\/fr\/wp-json\/wp\/v2\/pages"}],"about":[{"href":"https:\/\/solidar.ch\/fr\/wp-json\/wp\/v2\/types\/page"}],"author":[{"embeddable":true,"href":"https:\/\/solidar.ch\/fr\/wp-json\/wp\/v2\/users\/22"}],"replies":[{"embeddable":true,"href":"https:\/\/solidar.ch\/fr\/wp-json\/wp\/v2\/comments?post=26484"}],"version-history":[{"count":0,"href":"https:\/\/solidar.ch\/fr\/wp-json\/wp\/v2\/pages\/26484\/revisions"}],"up":[{"embeddable":true,"href":"https:\/\/solidar.ch\/fr\/wp-json\/wp\/v2\/pages\/10265"}],"wp:attachment":[{"href":"https:\/\/solidar.ch\/fr\/wp-json\/wp\/v2\/media?parent=26484"}],"wp:term":[{"taxonomy":"wf_page_folders","embeddable":true,"href":"https:\/\/solidar.ch\/fr\/wp-json\/wp\/v2\/wf_page_folders?post=26484"}],"curies":[{"name":"wp","href":"https:\/\/api.w.org\/{rel}","templated":true}]}}