{"id":27045,"date":"2022-11-08T09:21:12","date_gmt":"2022-11-08T08:21:12","guid":{"rendered":"https:\/\/solidar.ch\/?page_id=27045"},"modified":"2024-09-05T12:13:29","modified_gmt":"2024-09-05T11:13:29","slug":"defions-les-milliardaires","status":"publish","type":"page","link":"https:\/\/solidar.ch\/fr\/defions-les-milliardaires\/","title":{"rendered":"DEFIONS LES MILLIARDAIRES"},"content":{"rendered":"","protected":false},"excerpt":{"rendered":"","protected":false},"author":22,"featured_media":0,"parent":0,"menu_order":0,"comment_status":"closed","ping_status":"closed","template":"","meta":{"_acf_changed":false,"_seopress_robots_primary_cat":"","_seopress_titles_title":"D\u00e9fions les milliardaires | Solidar Suisse","_seopress_titles_desc":"Ensemble, pr\u00e9sentons aux milliardaires en Suisse comment investir dans la solidarit\u00e9 et d\u00e9fions-les d\u00e8s maintenant.","_seopress_robots_index":"","footnotes":""},"wf_page_folders":[],"class_list":["post-27045","page","type-page","status-publish","hentry"],"acf":[],"_links":{"self":[{"href":"https:\/\/solidar.ch\/fr\/wp-json\/wp\/v2\/pages\/27045","targetHints":{"allow":["GET"]}}],"collection":[{"href":"https:\/\/solidar.ch\/fr\/wp-json\/wp\/v2\/pages"}],"about":[{"href":"https:\/\/solidar.ch\/fr\/wp-json\/wp\/v2\/types\/page"}],"author":[{"embeddable":true,"href":"https:\/\/solidar.ch\/fr\/wp-json\/wp\/v2\/users\/22"}],"replies":[{"embeddable":true,"href":"https:\/\/solidar.ch\/fr\/wp-json\/wp\/v2\/comments?post=27045"}],"version-history":[{"count":0,"href":"https:\/\/solidar.ch\/fr\/wp-json\/wp\/v2\/pages\/27045\/revisions"}],"wp:attachment":[{"href":"https:\/\/solidar.ch\/fr\/wp-json\/wp\/v2\/media?parent=27045"}],"wp:term":[{"taxonomy":"wf_page_folders","embeddable":true,"href":"https:\/\/solidar.ch\/fr\/wp-json\/wp\/v2\/wf_page_folders?post=27045"}],"curies":[{"name":"wp","href":"https:\/\/api.w.org\/{rel}","templated":true}]}}