{"id":31760,"date":"2023-08-28T15:53:00","date_gmt":"2023-08-28T14:53:00","guid":{"rendered":"https:\/\/solidar.ch\/?page_id=31760"},"modified":"2024-06-21T13:49:08","modified_gmt":"2024-06-21T12:49:08","slug":"inondations-devastatrices","status":"publish","type":"page","link":"https:\/\/solidar.ch\/fr\/projets\/pakistan\/inondations-devastatrices\/","title":{"rendered":"Pakistan-Inondations d\u00e9vastatrices"},"content":{"rendered":"","protected":false},"excerpt":{"rendered":"","protected":false},"author":22,"featured_media":0,"parent":9902,"menu_order":0,"comment_status":"closed","ping_status":"closed","template":"","meta":{"_acf_changed":false,"_seopress_robots_primary_cat":"","_seopress_titles_title":"Pakistan : r\u00e9ponse aux inondations | Solidar Suisse","_seopress_titles_desc":"En 2022, des pluies torrentielles ont frapp\u00e9 le Pakistan, privant 33 millions de personnes de leurs moyens de subsistance. Solidar a fourni une aide imm\u00e9diate.","_seopress_robots_index":"","footnotes":""},"wf_page_folders":[1102],"class_list":["post-31760","page","type-page","status-publish","hentry"],"acf":[],"_links":{"self":[{"href":"https:\/\/solidar.ch\/fr\/wp-json\/wp\/v2\/pages\/31760","targetHints":{"allow":["GET"]}}],"collection":[{"href":"https:\/\/solidar.ch\/fr\/wp-json\/wp\/v2\/pages"}],"about":[{"href":"https:\/\/solidar.ch\/fr\/wp-json\/wp\/v2\/types\/page"}],"author":[{"embeddable":true,"href":"https:\/\/solidar.ch\/fr\/wp-json\/wp\/v2\/users\/22"}],"replies":[{"embeddable":true,"href":"https:\/\/solidar.ch\/fr\/wp-json\/wp\/v2\/comments?post=31760"}],"version-history":[{"count":0,"href":"https:\/\/solidar.ch\/fr\/wp-json\/wp\/v2\/pages\/31760\/revisions"}],"up":[{"embeddable":true,"href":"https:\/\/solidar.ch\/fr\/wp-json\/wp\/v2\/pages\/9902"}],"wp:attachment":[{"href":"https:\/\/solidar.ch\/fr\/wp-json\/wp\/v2\/media?parent=31760"}],"wp:term":[{"taxonomy":"wf_page_folders","embeddable":true,"href":"https:\/\/solidar.ch\/fr\/wp-json\/wp\/v2\/wf_page_folders?post=31760"}],"curies":[{"name":"wp","href":"https:\/\/api.w.org\/{rel}","templated":true}]}}