{"id":50303,"date":"2026-02-23T15:04:51","date_gmt":"2026-02-23T14:04:51","guid":{"rendered":"https:\/\/solidar.ch\/?page_id=50303"},"modified":"2026-02-23T15:04:51","modified_gmt":"2026-02-23T14:04:51","slug":"manifeste-pour-une-action-dirigee-localement","status":"publish","type":"page","link":"https:\/\/solidar.ch\/fr\/manifeste-pour-une-action-dirigee-localement\/","title":{"rendered":"Manifeste pour une action dirig\u00e9e localement"},"content":{"rendered":"","protected":false},"excerpt":{"rendered":"","protected":false},"author":22,"featured_media":0,"parent":0,"menu_order":0,"comment_status":"closed","ping_status":"closed","template":"","meta":{"_acf_changed":false,"_seopress_robots_primary_cat":"","_seopress_titles_title":"Manifeste pour une action dirig\u00e9e localement | Solidar Suisse","_seopress_titles_desc":"Plus de 40 ONG suisses ont \u00e9labor\u00e9 un manifeste comprenant des actions communes pour instaurer des partenariats \u00e9quitables et tenir compte des besoins locaux.","_seopress_robots_index":"","footnotes":""},"wf_page_folders":[51],"class_list":["post-50303","page","type-page","status-publish","hentry"],"acf":[],"_links":{"self":[{"href":"https:\/\/solidar.ch\/fr\/wp-json\/wp\/v2\/pages\/50303","targetHints":{"allow":["GET"]}}],"collection":[{"href":"https:\/\/solidar.ch\/fr\/wp-json\/wp\/v2\/pages"}],"about":[{"href":"https:\/\/solidar.ch\/fr\/wp-json\/wp\/v2\/types\/page"}],"author":[{"embeddable":true,"href":"https:\/\/solidar.ch\/fr\/wp-json\/wp\/v2\/users\/22"}],"replies":[{"embeddable":true,"href":"https:\/\/solidar.ch\/fr\/wp-json\/wp\/v2\/comments?post=50303"}],"version-history":[{"count":0,"href":"https:\/\/solidar.ch\/fr\/wp-json\/wp\/v2\/pages\/50303\/revisions"}],"wp:attachment":[{"href":"https:\/\/solidar.ch\/fr\/wp-json\/wp\/v2\/media?parent=50303"}],"wp:term":[{"taxonomy":"wf_page_folders","embeddable":true,"href":"https:\/\/solidar.ch\/fr\/wp-json\/wp\/v2\/wf_page_folders?post=50303"}],"curies":[{"name":"wp","href":"https:\/\/api.w.org\/{rel}","templated":true}]}}