{"id":9938,"date":"2021-03-02T10:55:58","date_gmt":"2021-03-02T09:55:58","guid":{"rendered":"https:\/\/solidar.ch\/barrierefreiheit\/"},"modified":"2023-07-17T09:34:28","modified_gmt":"2023-07-17T08:34:28","slug":"accessibilite","status":"publish","type":"page","link":"https:\/\/solidar.ch\/fr\/accessibilite\/","title":{"rendered":"Accessibilit\u00e9"},"content":{"rendered":"","protected":false},"excerpt":{"rendered":"","protected":false},"author":22,"featured_media":0,"parent":0,"menu_order":0,"comment_status":"closed","ping_status":"closed","template":"","meta":{"_acf_changed":false,"_seopress_robots_primary_cat":"","_seopress_titles_title":"Accessibilit\u00e9 | Solidar Suisse","_seopress_titles_desc":"Nous nous engageons pour \u00e9liminer les obstacles dans l\u2019espace num\u00e9rique. Notre site internet a \u00e9t\u00e9 r\u00e9alis\u00e9 en collaboration avec la fondation \u00abAcc\u00e8s pour tous\u00bb.","_seopress_robots_index":"","footnotes":""},"wf_page_folders":[82],"class_list":["post-9938","page","type-page","status-publish","hentry"],"acf":[],"_links":{"self":[{"href":"https:\/\/solidar.ch\/fr\/wp-json\/wp\/v2\/pages\/9938","targetHints":{"allow":["GET"]}}],"collection":[{"href":"https:\/\/solidar.ch\/fr\/wp-json\/wp\/v2\/pages"}],"about":[{"href":"https:\/\/solidar.ch\/fr\/wp-json\/wp\/v2\/types\/page"}],"author":[{"embeddable":true,"href":"https:\/\/solidar.ch\/fr\/wp-json\/wp\/v2\/users\/22"}],"replies":[{"embeddable":true,"href":"https:\/\/solidar.ch\/fr\/wp-json\/wp\/v2\/comments?post=9938"}],"version-history":[{"count":0,"href":"https:\/\/solidar.ch\/fr\/wp-json\/wp\/v2\/pages\/9938\/revisions"}],"wp:attachment":[{"href":"https:\/\/solidar.ch\/fr\/wp-json\/wp\/v2\/media?parent=9938"}],"wp:term":[{"taxonomy":"wf_page_folders","embeddable":true,"href":"https:\/\/solidar.ch\/fr\/wp-json\/wp\/v2\/wf_page_folders?post=9938"}],"curies":[{"name":"wp","href":"https:\/\/api.w.org\/{rel}","templated":true}]}}