{"id":9939,"date":"2021-03-02T16:41:22","date_gmt":"2021-03-02T15:41:22","guid":{"rendered":"https:\/\/solidar.ch\/mitglied-werden\/"},"modified":"2024-09-04T16:44:58","modified_gmt":"2024-09-04T15:44:58","slug":"devenir-membre","status":"publish","type":"page","link":"https:\/\/solidar.ch\/fr\/agir\/devenir-membre\/","title":{"rendered":"Devenir membre"},"content":{"rendered":"","protected":false},"excerpt":{"rendered":"","protected":false},"author":12,"featured_media":0,"parent":13028,"menu_order":0,"comment_status":"closed","ping_status":"closed","template":"","meta":{"_acf_changed":false,"_seopress_robots_primary_cat":"","_seopress_titles_title":"Devenir membre | Solidar Suisse","_seopress_titles_desc":"Comme membre, vous devenez partie prenante de notre vision commune d\u2019un monde plus \u00e9quitable lib\u00e9r\u00e9 de l\u2019extr\u00eame pauvret\u00e9 et des in\u00e9galit\u00e9s sociales.","_seopress_robots_index":"","footnotes":""},"wf_page_folders":[52],"class_list":["post-9939","page","type-page","status-publish","hentry"],"acf":[],"_links":{"self":[{"href":"https:\/\/solidar.ch\/fr\/wp-json\/wp\/v2\/pages\/9939","targetHints":{"allow":["GET"]}}],"collection":[{"href":"https:\/\/solidar.ch\/fr\/wp-json\/wp\/v2\/pages"}],"about":[{"href":"https:\/\/solidar.ch\/fr\/wp-json\/wp\/v2\/types\/page"}],"author":[{"embeddable":true,"href":"https:\/\/solidar.ch\/fr\/wp-json\/wp\/v2\/users\/12"}],"replies":[{"embeddable":true,"href":"https:\/\/solidar.ch\/fr\/wp-json\/wp\/v2\/comments?post=9939"}],"version-history":[{"count":0,"href":"https:\/\/solidar.ch\/fr\/wp-json\/wp\/v2\/pages\/9939\/revisions"}],"up":[{"embeddable":true,"href":"https:\/\/solidar.ch\/fr\/wp-json\/wp\/v2\/pages\/13028"}],"wp:attachment":[{"href":"https:\/\/solidar.ch\/fr\/wp-json\/wp\/v2\/media?parent=9939"}],"wp:term":[{"taxonomy":"wf_page_folders","embeddable":true,"href":"https:\/\/solidar.ch\/fr\/wp-json\/wp\/v2\/wf_page_folders?post=9939"}],"curies":[{"name":"wp","href":"https:\/\/api.w.org\/{rel}","templated":true}]}}